{"id":727,"date":"2022-05-15T20:42:42","date_gmt":"2022-05-15T18:42:42","guid":{"rendered":"https:\/\/marketingprawnikow.pl\/sklep\/?post_type=product&#038;p=727"},"modified":"2025-06-04T10:58:46","modified_gmt":"2025-06-04T08:58:46","slug":"e-book-linkedin-dla-prawnikow-i-kancelarii","status":"publish","type":"product","link":"https:\/\/marketingprawnikow.pl\/sklep\/produkt\/e-book-linkedin-dla-prawnikow-i-kancelarii\/","title":{"rendered":"E-book: LinkedIn dla prawnik\u00f3w i kancelarii"},"content":{"rendered":"<div>\n<h2><strong>PIERWSZY W POLSCE EBOOK O LINKEDIN DLA PRAWNIK\u00d3W I KANCELARII<\/strong><\/h2>\n<ul>\n<li><strong>Zastawiasz si\u0119, czy warto prowadzi\u0107 konto na LinkedInie?<\/strong><\/li>\n<li><strong>albo masz ju\u017c konto na LinkedInie, ale nie widzisz korzy\u015bci z jego posiadania?<\/strong><\/li>\n<li><strong>nie wiesz, jak wykorzysta\u0107 LinkedIn do promocji swojej marki osobistej b\u0105d\u017a swojej kancelarii i pozyska\u0107 klient\u00f3w<\/strong><\/li>\n<li><strong>nie wiesz, co publikowa\u0107 na Linkedin i czy format publikacji ma znaczenie<\/strong><\/li>\n<li><strong>masz wra\u017cenie, \u017ce na LinkedInie si\u0119 nie odnajdziesz, bo jest &#8220;za powa\u017cny&#8221;<\/strong><\/li>\n<li><strong>nie wiesz, jak przygotowa\u0107 sw\u00f3j profil pod potencjalnego klienta i jak dzia\u0142a algorytm LinkedIna?<\/strong><\/li>\n<\/ul>\n<p><strong>&#8230;zatem ten e-book jest dla Ciebie!<\/strong><\/p>\n<\/div>\n<h2><strong>Co znajdziesz w ebooku?\u00a0<\/strong><\/h2>\n<ul>\n<li><strong>100 stron praktycznej wiedzy o LinkedIn<\/strong><\/li>\n<li><strong><span class=\"JsGRdQ\">Dost\u0119p do przyk\u0142adowego kalendarza social media u\u017cywanego przez nas na LinkedIn<\/span><\/strong><\/li>\n<li><strong>Dost\u0119p do szablon\u00f3w wiadomo\u015bci, z kt\u00f3rych korzystamy na LinkedIn<\/strong><\/li>\n<li><strong>Checklist\u0119 skutecznego profilu na LinkedIn<\/strong><\/li>\n<li class=\"_04xlpA direction-ltr align-start para-style-body\"><strong><span class=\"JsGRdQ\">Praktyczne przyk\u0142ady prawnicze <\/span><span class=\"JsGRdQ\">oraz czytelne instrukcje<\/span><\/strong><\/li>\n<\/ul>\n<h2><strong>Dla kogo jest ten e-book?<\/strong><\/h2>\n<ul>\n<li><strong>Os\u00f3b zawodowo zajmuj\u0105cych si\u0119 prawem (adwokaci, radcowie prawni), kt\u00f3rzy chc\u0105 zbudowa\u0107 skuteczn\u0105 mark\u0119 osobist\u0105.<\/strong><\/li>\n<li><strong>Kancelarii prawnych, kt\u00f3re chc\u0105 wykorzysta\u0107 LinkedIn do zbudowania rozpoznawalno\u015bci w zakresie swoich specjalizacji.<\/strong><\/li>\n<li><strong>Os\u00f3b zainteresowanych marketingiem prawniczym, kt\u00f3re chc\u0105 uzupe\u0142ni\u0107 swoj\u0105 wiedz\u0119 o praktyczne wskaz\u00f3wki w zakresie wykorzystania LinkedIn w bran\u017cy prawniczej.<\/strong><\/li>\n<li><strong>Os\u00f3b zarz\u0105dzaj\u0105cych marketingiem w kancelariach, kt\u00f3re chc\u0105 w pe\u0142ni wykorzysta\u0107 potencja\u0142 LinkedIn.<\/strong><\/li>\n<\/ul>\n<h2><strong>Dla kogo zatem e-book nie b\u0119dzie odpowiedni? Dla:<\/strong><\/h2>\n<ul>\n<li><strong>Os\u00f3b, kt\u00f3re nie odnajduj\u0105 si\u0119 na social media, nie lubi\u0105 tworzenia post\u00f3w, s\u0105 raczej skryci i nie chc\u0105 dzieli\u0107 si\u0119 swoim \u017cyciem i wiedz\u0105 w Internecie.<\/strong><\/li>\n<li><strong>Os\u00f3b, kt\u00f3re maj\u0105 ju\u017c stabilne \u017ar\u00f3d\u0142o pozyskania klient\u00f3w do swojej kancelarii (chyba, \u017ce chc\u0105 utworzy\u0107 drugie takie \u017ar\u00f3d\u0142o).<\/strong><\/li>\n<li><strong>Os\u00f3b, kt\u00f3re my\u015bl\u0105, \u017ce e-book zawiera tajemn\u0105 i magiczn\u0105 wiedz\u0119, kt\u00f3ra sprawi, \u017ce 2 tygodnie po za\u0142o\u017ceniu konta na LinkedIn, klienci b\u0119d\u0105 wali\u0107 drzwiami i oknami. Media spo\u0142eczno\u015bciowe s\u0105 szalenie skuteczne, ale &#8211; powtarzam po raz kolejny &#8211; wymagaj\u0105 du\u017cego nak\u0142adu pracy (zw\u0142aszcza na pocz\u0105tku).<\/strong><\/li>\n<\/ul>\n<h2><strong>Czego nauczysz si\u0119 z ebooka o LinkedIn dla prawnik\u00f3w i kancelarii?<\/strong><\/h2>\n<ul>\n<li><strong>Otrzymasz jasn\u0105 instrukcj\u0119 dzia\u0142ania, jak stworzy\u0107 profil na LinkedIn dla prawnika i kancelarii.\u00a0<\/strong><\/li>\n<li><strong>Dowiesz si\u0119, jak stworzy\u0107 strategi\u0119 marketingow\u0105 na LinkedIn.\u00a0<\/strong><\/li>\n<li><strong>Zbudujesz zaanga\u017cowan\u0105 sie\u0107 kontakt\u00f3w.\u00a0<\/strong><\/li>\n<li><strong>Nauczysz si\u0119 tworzy\u0107 anga\u017cuj\u0105ce publikacje.\u00a0<\/strong><\/li>\n<li><strong>Dowiesz si\u0119, jak krok po kroku funkcjonuje LinkedIn oraz jego algorytm.\u00a0<\/strong><\/li>\n<li><strong>Poznasz najcz\u0119\u015bciej pope\u0142niane b\u0142\u0119dy.\u00a0<\/strong><\/li>\n<li><strong>Pozyskasz Klienta na us\u0142ugi prawne przez LinkedIn (je\u017celi b\u0119dziesz wytrwale stosowa\u0107 si\u0119 do wskaz\u00f3wek).<\/strong><\/li>\n<\/ul>\n<p>&nbsp;<\/p>\n","protected":false},"excerpt":{"rendered":"<p><strong>Praktyczny przewodnik po LinkedIn dla prawnik\u00f3w i kancelarii, dzi\u0119ki kt\u00f3remu zbudujesz silny brand (osobisty lub firmowy) i pozyskasz klient\u00f3w na us\u0142ugi prawne przez LinkedIn.<\/strong><\/p>\n","protected":false},"featured_media":701,"comment_status":"open","ping_status":"closed","template":"","meta":{"spay_email":""},"product_cat":[20],"product_tag":[],"yoast_head":"<!-- This site is optimized with the Yoast SEO plugin v17.6 - https:\/\/yoast.com\/wordpress\/plugins\/seo\/ -->\n<title>E-book: LinkedIn dla prawnik\u00f3w i kancelarii - Marketing Prawnik\u00f3w - Sklep<\/title>\n<meta name=\"description\" content=\"Pierwszy w Polsce ebook o wykorzystaniu LinkedIn w bran\u017cy prawniczej. Poradnik dla prawnik\u00f3w i kancelarii prawnych!\" \/>\n<meta name=\"robots\" content=\"index, follow, max-snippet:-1, max-image-preview:large, max-video-preview:-1\" \/>\n<link rel=\"canonical\" href=\"https:\/\/marketingprawnikow.pl\/sklep\/produkt\/e-book-linkedin-dla-prawnikow-i-kancelarii\/\" \/>\n<meta property=\"og:locale\" content=\"pl_PL\" \/>\n<meta property=\"og:type\" content=\"article\" \/>\n<meta property=\"og:title\" content=\"E-book: LinkedIn dla prawnik\u00f3w i kancelarii - Marketing Prawnik\u00f3w - Sklep\" \/>\n<meta property=\"og:description\" content=\"Pierwszy w Polsce ebook o wykorzystaniu LinkedIn w bran\u017cy prawniczej. Poradnik dla prawnik\u00f3w i kancelarii prawnych!\" \/>\n<meta property=\"og:url\" content=\"https:\/\/marketingprawnikow.pl\/sklep\/produkt\/e-book-linkedin-dla-prawnikow-i-kancelarii\/\" \/>\n<meta property=\"og:site_name\" content=\"Marketing Prawnik\u00f3w - Sklep\" \/>\n<meta property=\"article:modified_time\" content=\"2025-06-04T08:58:46+00:00\" \/>\n<meta property=\"og:image\" content=\"https:\/\/marketingprawnikow.pl\/sklep\/wp-content\/uploads\/sites\/2\/2022\/05\/MOCKUP_EBOOK.png\" \/>\n\t<meta property=\"og:image:width\" content=\"1080\" \/>\n\t<meta property=\"og:image:height\" content=\"1080\" \/>\n<meta name=\"twitter:card\" content=\"summary_large_image\" \/>\n<meta name=\"twitter:label1\" content=\"Szacowany czas czytania\" \/>\n\t<meta name=\"twitter:data1\" content=\"2 minuty\" \/>\n<script type=\"application\/ld+json\" class=\"yoast-schema-graph\">{\"@context\":\"https:\/\/schema.org\",\"@graph\":[{\"@type\":\"WebSite\",\"@id\":\"https:\/\/marketingprawnikow.pl\/sklep\/#website\",\"url\":\"https:\/\/marketingprawnikow.pl\/sklep\/\",\"name\":\"Marketing Prawnik\\u00f3w - Sklep\",\"description\":\"\",\"potentialAction\":[{\"@type\":\"SearchAction\",\"target\":{\"@type\":\"EntryPoint\",\"urlTemplate\":\"https:\/\/marketingprawnikow.pl\/sklep\/?s={search_term_string}\"},\"query-input\":\"required name=search_term_string\"}],\"inLanguage\":\"pl-PL\"},{\"@type\":\"ImageObject\",\"@id\":\"https:\/\/marketingprawnikow.pl\/sklep\/produkt\/e-book-linkedin-dla-prawnikow-i-kancelarii\/#primaryimage\",\"inLanguage\":\"pl-PL\",\"url\":\"https:\/\/marketingprawnikow.pl\/sklep\/wp-content\/uploads\/sites\/2\/2022\/05\/MOCKUP_EBOOK.png\",\"contentUrl\":\"https:\/\/marketingprawnikow.pl\/sklep\/wp-content\/uploads\/sites\/2\/2022\/05\/MOCKUP_EBOOK.png\",\"width\":1080,\"height\":1080,\"caption\":\"E-book: LinkedIn dla prawnik\\u00f3w i kancelarii\"},{\"@type\":\"WebPage\",\"@id\":\"https:\/\/marketingprawnikow.pl\/sklep\/produkt\/e-book-linkedin-dla-prawnikow-i-kancelarii\/#webpage\",\"url\":\"https:\/\/marketingprawnikow.pl\/sklep\/produkt\/e-book-linkedin-dla-prawnikow-i-kancelarii\/\",\"name\":\"E-book: LinkedIn dla prawnik\\u00f3w i kancelarii - Marketing Prawnik\\u00f3w - Sklep\",\"isPartOf\":{\"@id\":\"https:\/\/marketingprawnikow.pl\/sklep\/#website\"},\"primaryImageOfPage\":{\"@id\":\"https:\/\/marketingprawnikow.pl\/sklep\/produkt\/e-book-linkedin-dla-prawnikow-i-kancelarii\/#primaryimage\"},\"datePublished\":\"2022-05-15T18:42:42+00:00\",\"dateModified\":\"2025-06-04T08:58:46+00:00\",\"description\":\"Pierwszy w Polsce ebook o wykorzystaniu LinkedIn w bran\\u017cy prawniczej. Poradnik dla prawnik\\u00f3w i kancelarii prawnych!\",\"breadcrumb\":{\"@id\":\"https:\/\/marketingprawnikow.pl\/sklep\/produkt\/e-book-linkedin-dla-prawnikow-i-kancelarii\/#breadcrumb\"},\"inLanguage\":\"pl-PL\",\"potentialAction\":[{\"@type\":\"ReadAction\",\"target\":[\"https:\/\/marketingprawnikow.pl\/sklep\/produkt\/e-book-linkedin-dla-prawnikow-i-kancelarii\/\"]}]},{\"@type\":\"BreadcrumbList\",\"@id\":\"https:\/\/marketingprawnikow.pl\/sklep\/produkt\/e-book-linkedin-dla-prawnikow-i-kancelarii\/#breadcrumb\",\"itemListElement\":[{\"@type\":\"ListItem\",\"position\":1,\"name\":\"Strona g\\u0142\\u00f3wna\",\"item\":\"https:\/\/marketingprawnikow.pl\/sklep\/\"},{\"@type\":\"ListItem\",\"position\":2,\"name\":\"Sklep\",\"item\":\"https:\/\/marketingprawnikow.pl\/sklep\/\"},{\"@type\":\"ListItem\",\"position\":3,\"name\":\"E-book: LinkedIn dla prawnik\\u00f3w i kancelarii\"}]}]}<\/script>\n<!-- \/ Yoast SEO plugin. -->","yoast_head_json":{"title":"E-book: LinkedIn dla prawnik\u00f3w i kancelarii - Marketing Prawnik\u00f3w - Sklep","description":"Pierwszy w Polsce ebook o wykorzystaniu LinkedIn w bran\u017cy prawniczej. Poradnik dla prawnik\u00f3w i kancelarii prawnych!","robots":{"index":"index","follow":"follow","max-snippet":"max-snippet:-1","max-image-preview":"max-image-preview:large","max-video-preview":"max-video-preview:-1"},"canonical":"https:\/\/marketingprawnikow.pl\/sklep\/produkt\/e-book-linkedin-dla-prawnikow-i-kancelarii\/","og_locale":"pl_PL","og_type":"article","og_title":"E-book: LinkedIn dla prawnik\u00f3w i kancelarii - Marketing Prawnik\u00f3w - Sklep","og_description":"Pierwszy w Polsce ebook o wykorzystaniu LinkedIn w bran\u017cy prawniczej. Poradnik dla prawnik\u00f3w i kancelarii prawnych!","og_url":"https:\/\/marketingprawnikow.pl\/sklep\/produkt\/e-book-linkedin-dla-prawnikow-i-kancelarii\/","og_site_name":"Marketing Prawnik\u00f3w - Sklep","article_modified_time":"2025-06-04T08:58:46+00:00","og_image":[{"width":1080,"height":1080,"url":"https:\/\/marketingprawnikow.pl\/sklep\/wp-content\/uploads\/sites\/2\/2022\/05\/MOCKUP_EBOOK.png","type":"image\/png"}],"twitter_card":"summary_large_image","twitter_misc":{"Szacowany czas czytania":"2 minuty"},"schema":{"@context":"https:\/\/schema.org","@graph":[{"@type":"WebSite","@id":"https:\/\/marketingprawnikow.pl\/sklep\/#website","url":"https:\/\/marketingprawnikow.pl\/sklep\/","name":"Marketing Prawnik\u00f3w - Sklep","description":"","potentialAction":[{"@type":"SearchAction","target":{"@type":"EntryPoint","urlTemplate":"https:\/\/marketingprawnikow.pl\/sklep\/?s={search_term_string}"},"query-input":"required name=search_term_string"}],"inLanguage":"pl-PL"},{"@type":"ImageObject","@id":"https:\/\/marketingprawnikow.pl\/sklep\/produkt\/e-book-linkedin-dla-prawnikow-i-kancelarii\/#primaryimage","inLanguage":"pl-PL","url":"https:\/\/marketingprawnikow.pl\/sklep\/wp-content\/uploads\/sites\/2\/2022\/05\/MOCKUP_EBOOK.png","contentUrl":"https:\/\/marketingprawnikow.pl\/sklep\/wp-content\/uploads\/sites\/2\/2022\/05\/MOCKUP_EBOOK.png","width":1080,"height":1080,"caption":"E-book: LinkedIn dla prawnik\u00f3w i kancelarii"},{"@type":"WebPage","@id":"https:\/\/marketingprawnikow.pl\/sklep\/produkt\/e-book-linkedin-dla-prawnikow-i-kancelarii\/#webpage","url":"https:\/\/marketingprawnikow.pl\/sklep\/produkt\/e-book-linkedin-dla-prawnikow-i-kancelarii\/","name":"E-book: LinkedIn dla prawnik\u00f3w i kancelarii - Marketing Prawnik\u00f3w - Sklep","isPartOf":{"@id":"https:\/\/marketingprawnikow.pl\/sklep\/#website"},"primaryImageOfPage":{"@id":"https:\/\/marketingprawnikow.pl\/sklep\/produkt\/e-book-linkedin-dla-prawnikow-i-kancelarii\/#primaryimage"},"datePublished":"2022-05-15T18:42:42+00:00","dateModified":"2025-06-04T08:58:46+00:00","description":"Pierwszy w Polsce ebook o wykorzystaniu LinkedIn w bran\u017cy prawniczej. Poradnik dla prawnik\u00f3w i kancelarii prawnych!","breadcrumb":{"@id":"https:\/\/marketingprawnikow.pl\/sklep\/produkt\/e-book-linkedin-dla-prawnikow-i-kancelarii\/#breadcrumb"},"inLanguage":"pl-PL","potentialAction":[{"@type":"ReadAction","target":["https:\/\/marketingprawnikow.pl\/sklep\/produkt\/e-book-linkedin-dla-prawnikow-i-kancelarii\/"]}]},{"@type":"BreadcrumbList","@id":"https:\/\/marketingprawnikow.pl\/sklep\/produkt\/e-book-linkedin-dla-prawnikow-i-kancelarii\/#breadcrumb","itemListElement":[{"@type":"ListItem","position":1,"name":"Strona g\u0142\u00f3wna","item":"https:\/\/marketingprawnikow.pl\/sklep\/"},{"@type":"ListItem","position":2,"name":"Sklep","item":"https:\/\/marketingprawnikow.pl\/sklep\/"},{"@type":"ListItem","position":3,"name":"E-book: LinkedIn dla prawnik\u00f3w i kancelarii"}]}]}},"_links":{"self":[{"href":"https:\/\/marketingprawnikow.pl\/sklep\/wp-json\/wp\/v2\/product\/727"}],"collection":[{"href":"https:\/\/marketingprawnikow.pl\/sklep\/wp-json\/wp\/v2\/product"}],"about":[{"href":"https:\/\/marketingprawnikow.pl\/sklep\/wp-json\/wp\/v2\/types\/product"}],"replies":[{"embeddable":true,"href":"https:\/\/marketingprawnikow.pl\/sklep\/wp-json\/wp\/v2\/comments?post=727"}],"wp:featuredmedia":[{"embeddable":true,"href":"https:\/\/marketingprawnikow.pl\/sklep\/wp-json\/wp\/v2\/media\/701"}],"wp:attachment":[{"href":"https:\/\/marketingprawnikow.pl\/sklep\/wp-json\/wp\/v2\/media?parent=727"}],"wp:term":[{"taxonomy":"product_cat","embeddable":true,"href":"https:\/\/marketingprawnikow.pl\/sklep\/wp-json\/wp\/v2\/product_cat?post=727"},{"taxonomy":"product_tag","embeddable":true,"href":"https:\/\/marketingprawnikow.pl\/sklep\/wp-json\/wp\/v2\/product_tag?post=727"}],"curies":[{"name":"wp","href":"https:\/\/api.w.org\/{rel}","templated":true}]}}