{"id":165,"date":"2021-01-03T23:56:18","date_gmt":"2021-01-03T22:56:18","guid":{"rendered":"https:\/\/marketingprawnikow.pl\/sklep\/?post_type=product&#038;p=165"},"modified":"2025-04-30T13:06:10","modified_gmt":"2025-04-30T11:06:10","slug":"ebook-instaprawnik","status":"publish","type":"product","link":"https:\/\/marketingprawnikow.pl\/sklep\/produkt\/ebook-instaprawnik\/","title":{"rendered":"INSTAPRAWNIK, czyli jak by\u0107 prawnikiem na Instagramie"},"content":{"rendered":"<ul>\n<li><strong><span class=\"JsGRdQ\">prowadzisz konto na Instagramie, ale masz wra\u017cenie, \u017ce stoi ono <\/span><span class=\"JsGRdQ\">w miejscu?<\/span><\/strong><\/li>\n<li><strong><span class=\"JsGRdQ\">publikujesz tre\u015bci, ale zaanga\u017cowania jak nie by\u0142o, tak nie ma?<\/span> <\/strong><\/li>\n<li class=\"_04xlpA direction-ltr align-start para-style-body\"><strong><span class=\"JsGRdQ\">nie wiesz co publikowa\u0107 <\/span><span class=\"JsGRdQ\">i jak cz\u0119sto?<\/span><\/strong><\/li>\n<li><strong><span class=\"JsGRdQ\">nie wiesz jak dotrze\u0107 do w\u0142a\u015bciwych os\u00f3b?<\/span><\/strong><\/li>\n<li><strong><span class=\"JsGRdQ\">A mo\u017ce&#8230; potrzebujesz u\u0142o\u017cy\u0107 swoj\u0105 wiedz\u0119, by mie\u0107 pewno\u015b\u0107, \u017ce pod\u0105\u017casz we w\u0142a\u015bciwym kierunku?<\/span> <\/strong><\/li>\n<\/ul>\n<h2><strong>Co znajdziesz w ebooku?<\/strong><\/h2>\n<ul>\n<li><strong><span class=\"JsGRdQ\">Ponad <\/span><span class=\"JsGRdQ\">350 stron <\/span><span class=\"JsGRdQ\">praktycznej wiedzy na temat Instagrama!<\/span> <\/strong><\/li>\n<li><strong><span class=\"JsGRdQ\">Dost\u0119p do kilku <\/span><span class=\"JsGRdQ\">wideo tutoriali<\/span><\/strong><\/li>\n<li><strong><span class=\"JsGRdQ\">Edytowalne szablony<\/span><span class=\"JsGRdQ\">: instakaruzeli oraz ok\u0142adek do wyr\u00f3\u017cnionych relacji<\/span> <\/strong><\/li>\n<li class=\"_04xlpA direction-ltr align-start para-style-body\"><strong><span class=\"JsGRdQ\">Praktyczne przyk\u0142ady <\/span><span class=\"JsGRdQ\">oraz czytelne instrukcje<\/span><\/strong><\/li>\n<\/ul>\n<p>&nbsp;<\/p>\n<p>JE\u017bELI ZAKUPISZ E-BOOKA &#8211; DOSTANIESZ BEZP\u0141ATNIE DOST\u0118P DO AKTUALIZACJI W 2023.<\/p>\n<p>Aktualizacja zostanie wys\u0142ana na maila podane przy sk\u0142adaniu zam\u00f3wienia.<\/p>\n","protected":false},"excerpt":{"rendered":"<p><strong>AKTUALIZUJEMY TRE\u015a\u0106 E-BOOKA (nied\u0142ugo b\u0119dzie w sprzeda\u017cy). Je\u015bli jeste\u015b zainteresowany kupnem, zostaw sw\u00f3j adres e-mailowy na li\u015bcie zainteresowanych <a href=\"https:\/\/marketingprawnikow.pl\/instaprawnik\" target=\"_blank\" rel=\"noopener\">TUTAJ &gt;&gt;&gt;<\/a>.<\/strong><\/p>\n<p class=\"_04xlpA direction-ltr align-center para-style-body\"><strong>Kompletny przewodnik po Instagramie. Praktyczna instrukcja od A do Z, jak stworzy\u0107 skuteczny profil na Instagramie i jak budowa\u0107 zaanga\u017cowan\u0105 spo\u0142eczno\u015b\u0107!<\/strong><\/p>\n","protected":false},"featured_media":191,"comment_status":"open","ping_status":"closed","template":"","meta":{"spay_email":""},"product_cat":[20],"product_tag":[],"yoast_head":"<!-- This site is optimized with the Yoast SEO plugin v17.6 - https:\/\/yoast.com\/wordpress\/plugins\/seo\/ -->\n<title>INSTAPRAWNIK, czyli jak by\u0107 prawnikiem na Instagramie - Marketing Prawnik\u00f3w - Sklep<\/title>\n<meta name=\"robots\" content=\"index, follow, max-snippet:-1, max-image-preview:large, max-video-preview:-1\" \/>\n<link rel=\"canonical\" href=\"https:\/\/marketingprawnikow.pl\/sklep\/produkt\/ebook-instaprawnik\/\" \/>\n<meta property=\"og:locale\" content=\"pl_PL\" \/>\n<meta property=\"og:type\" content=\"article\" \/>\n<meta property=\"og:title\" content=\"INSTAPRAWNIK, czyli jak by\u0107 prawnikiem na Instagramie - Marketing Prawnik\u00f3w - Sklep\" \/>\n<meta property=\"og:description\" content=\"AKTUALIZUJEMY TRE\u015a\u0106 E-BOOKA (nied\u0142ugo b\u0119dzie w sprzeda\u017cy). Je\u015bli jeste\u015b zainteresowany kupnem, zostaw sw\u00f3j adres e-mailowy na li\u015bcie zainteresowanych TUTAJ &gt;&gt;&gt;. Kompletny przewodnik po Instagramie. Praktyczna instrukcja od A do Z, jak stworzy\u0107 skuteczny profil na Instagramie i jak budowa\u0107 zaanga\u017cowan\u0105 spo\u0142eczno\u015b\u0107!\" \/>\n<meta property=\"og:url\" content=\"https:\/\/marketingprawnikow.pl\/sklep\/produkt\/ebook-instaprawnik\/\" \/>\n<meta property=\"og:site_name\" content=\"Marketing Prawnik\u00f3w - Sklep\" \/>\n<meta property=\"article:modified_time\" content=\"2025-04-30T11:06:10+00:00\" \/>\n<meta property=\"og:image\" content=\"https:\/\/marketingprawnikow.pl\/sklep\/wp-content\/uploads\/sites\/2\/2021\/01\/2.png\" \/>\n\t<meta property=\"og:image:width\" content=\"900\" \/>\n\t<meta property=\"og:image:height\" content=\"900\" \/>\n<meta name=\"twitter:card\" content=\"summary_large_image\" \/>\n<meta name=\"twitter:label1\" content=\"Szacowany czas czytania\" \/>\n\t<meta name=\"twitter:data1\" content=\"1 minuta\" \/>\n<script type=\"application\/ld+json\" class=\"yoast-schema-graph\">{\"@context\":\"https:\/\/schema.org\",\"@graph\":[{\"@type\":\"WebSite\",\"@id\":\"https:\/\/marketingprawnikow.pl\/sklep\/#website\",\"url\":\"https:\/\/marketingprawnikow.pl\/sklep\/\",\"name\":\"Marketing Prawnik\\u00f3w - Sklep\",\"description\":\"\",\"potentialAction\":[{\"@type\":\"SearchAction\",\"target\":{\"@type\":\"EntryPoint\",\"urlTemplate\":\"https:\/\/marketingprawnikow.pl\/sklep\/?s={search_term_string}\"},\"query-input\":\"required name=search_term_string\"}],\"inLanguage\":\"pl-PL\"},{\"@type\":\"ImageObject\",\"@id\":\"https:\/\/marketingprawnikow.pl\/sklep\/produkt\/ebook-instaprawnik\/#primaryimage\",\"inLanguage\":\"pl-PL\",\"url\":\"https:\/\/marketingprawnikow.pl\/sklep\/wp-content\/uploads\/sites\/2\/2021\/01\/2.png\",\"contentUrl\":\"https:\/\/marketingprawnikow.pl\/sklep\/wp-content\/uploads\/sites\/2\/2021\/01\/2.png\",\"width\":900,\"height\":900},{\"@type\":\"WebPage\",\"@id\":\"https:\/\/marketingprawnikow.pl\/sklep\/produkt\/ebook-instaprawnik\/#webpage\",\"url\":\"https:\/\/marketingprawnikow.pl\/sklep\/produkt\/ebook-instaprawnik\/\",\"name\":\"INSTAPRAWNIK, czyli jak by\\u0107 prawnikiem na Instagramie - Marketing Prawnik\\u00f3w - Sklep\",\"isPartOf\":{\"@id\":\"https:\/\/marketingprawnikow.pl\/sklep\/#website\"},\"primaryImageOfPage\":{\"@id\":\"https:\/\/marketingprawnikow.pl\/sklep\/produkt\/ebook-instaprawnik\/#primaryimage\"},\"datePublished\":\"2021-01-03T22:56:18+00:00\",\"dateModified\":\"2025-04-30T11:06:10+00:00\",\"breadcrumb\":{\"@id\":\"https:\/\/marketingprawnikow.pl\/sklep\/produkt\/ebook-instaprawnik\/#breadcrumb\"},\"inLanguage\":\"pl-PL\",\"potentialAction\":[{\"@type\":\"ReadAction\",\"target\":[\"https:\/\/marketingprawnikow.pl\/sklep\/produkt\/ebook-instaprawnik\/\"]}]},{\"@type\":\"BreadcrumbList\",\"@id\":\"https:\/\/marketingprawnikow.pl\/sklep\/produkt\/ebook-instaprawnik\/#breadcrumb\",\"itemListElement\":[{\"@type\":\"ListItem\",\"position\":1,\"name\":\"Strona g\\u0142\\u00f3wna\",\"item\":\"https:\/\/marketingprawnikow.pl\/sklep\/\"},{\"@type\":\"ListItem\",\"position\":2,\"name\":\"Sklep\",\"item\":\"https:\/\/marketingprawnikow.pl\/sklep\/\"},{\"@type\":\"ListItem\",\"position\":3,\"name\":\"INSTAPRAWNIK, czyli jak by\\u0107 prawnikiem na Instagramie\"}]}]}<\/script>\n<!-- \/ Yoast SEO plugin. -->","yoast_head_json":{"title":"INSTAPRAWNIK, czyli jak by\u0107 prawnikiem na Instagramie - Marketing Prawnik\u00f3w - Sklep","robots":{"index":"index","follow":"follow","max-snippet":"max-snippet:-1","max-image-preview":"max-image-preview:large","max-video-preview":"max-video-preview:-1"},"canonical":"https:\/\/marketingprawnikow.pl\/sklep\/produkt\/ebook-instaprawnik\/","og_locale":"pl_PL","og_type":"article","og_title":"INSTAPRAWNIK, czyli jak by\u0107 prawnikiem na Instagramie - Marketing Prawnik\u00f3w - Sklep","og_description":"AKTUALIZUJEMY TRE\u015a\u0106 E-BOOKA (nied\u0142ugo b\u0119dzie w sprzeda\u017cy). Je\u015bli jeste\u015b zainteresowany kupnem, zostaw sw\u00f3j adres e-mailowy na li\u015bcie zainteresowanych TUTAJ &gt;&gt;&gt;. Kompletny przewodnik po Instagramie. Praktyczna instrukcja od A do Z, jak stworzy\u0107 skuteczny profil na Instagramie i jak budowa\u0107 zaanga\u017cowan\u0105 spo\u0142eczno\u015b\u0107!","og_url":"https:\/\/marketingprawnikow.pl\/sklep\/produkt\/ebook-instaprawnik\/","og_site_name":"Marketing Prawnik\u00f3w - Sklep","article_modified_time":"2025-04-30T11:06:10+00:00","og_image":[{"width":900,"height":900,"url":"https:\/\/marketingprawnikow.pl\/sklep\/wp-content\/uploads\/sites\/2\/2021\/01\/2.png","type":"image\/png"}],"twitter_card":"summary_large_image","twitter_misc":{"Szacowany czas czytania":"1 minuta"},"schema":{"@context":"https:\/\/schema.org","@graph":[{"@type":"WebSite","@id":"https:\/\/marketingprawnikow.pl\/sklep\/#website","url":"https:\/\/marketingprawnikow.pl\/sklep\/","name":"Marketing Prawnik\u00f3w - Sklep","description":"","potentialAction":[{"@type":"SearchAction","target":{"@type":"EntryPoint","urlTemplate":"https:\/\/marketingprawnikow.pl\/sklep\/?s={search_term_string}"},"query-input":"required name=search_term_string"}],"inLanguage":"pl-PL"},{"@type":"ImageObject","@id":"https:\/\/marketingprawnikow.pl\/sklep\/produkt\/ebook-instaprawnik\/#primaryimage","inLanguage":"pl-PL","url":"https:\/\/marketingprawnikow.pl\/sklep\/wp-content\/uploads\/sites\/2\/2021\/01\/2.png","contentUrl":"https:\/\/marketingprawnikow.pl\/sklep\/wp-content\/uploads\/sites\/2\/2021\/01\/2.png","width":900,"height":900},{"@type":"WebPage","@id":"https:\/\/marketingprawnikow.pl\/sklep\/produkt\/ebook-instaprawnik\/#webpage","url":"https:\/\/marketingprawnikow.pl\/sklep\/produkt\/ebook-instaprawnik\/","name":"INSTAPRAWNIK, czyli jak by\u0107 prawnikiem na Instagramie - Marketing Prawnik\u00f3w - Sklep","isPartOf":{"@id":"https:\/\/marketingprawnikow.pl\/sklep\/#website"},"primaryImageOfPage":{"@id":"https:\/\/marketingprawnikow.pl\/sklep\/produkt\/ebook-instaprawnik\/#primaryimage"},"datePublished":"2021-01-03T22:56:18+00:00","dateModified":"2025-04-30T11:06:10+00:00","breadcrumb":{"@id":"https:\/\/marketingprawnikow.pl\/sklep\/produkt\/ebook-instaprawnik\/#breadcrumb"},"inLanguage":"pl-PL","potentialAction":[{"@type":"ReadAction","target":["https:\/\/marketingprawnikow.pl\/sklep\/produkt\/ebook-instaprawnik\/"]}]},{"@type":"BreadcrumbList","@id":"https:\/\/marketingprawnikow.pl\/sklep\/produkt\/ebook-instaprawnik\/#breadcrumb","itemListElement":[{"@type":"ListItem","position":1,"name":"Strona g\u0142\u00f3wna","item":"https:\/\/marketingprawnikow.pl\/sklep\/"},{"@type":"ListItem","position":2,"name":"Sklep","item":"https:\/\/marketingprawnikow.pl\/sklep\/"},{"@type":"ListItem","position":3,"name":"INSTAPRAWNIK, czyli jak by\u0107 prawnikiem na Instagramie"}]}]}},"_links":{"self":[{"href":"https:\/\/marketingprawnikow.pl\/sklep\/wp-json\/wp\/v2\/product\/165"}],"collection":[{"href":"https:\/\/marketingprawnikow.pl\/sklep\/wp-json\/wp\/v2\/product"}],"about":[{"href":"https:\/\/marketingprawnikow.pl\/sklep\/wp-json\/wp\/v2\/types\/product"}],"replies":[{"embeddable":true,"href":"https:\/\/marketingprawnikow.pl\/sklep\/wp-json\/wp\/v2\/comments?post=165"}],"wp:featuredmedia":[{"embeddable":true,"href":"https:\/\/marketingprawnikow.pl\/sklep\/wp-json\/wp\/v2\/media\/191"}],"wp:attachment":[{"href":"https:\/\/marketingprawnikow.pl\/sklep\/wp-json\/wp\/v2\/media?parent=165"}],"wp:term":[{"taxonomy":"product_cat","embeddable":true,"href":"https:\/\/marketingprawnikow.pl\/sklep\/wp-json\/wp\/v2\/product_cat?post=165"},{"taxonomy":"product_tag","embeddable":true,"href":"https:\/\/marketingprawnikow.pl\/sklep\/wp-json\/wp\/v2\/product_tag?post=165"}],"curies":[{"name":"wp","href":"https:\/\/api.w.org\/{rel}","templated":true}]}}