{"id":1089,"date":"2024-04-04T13:41:49","date_gmt":"2024-04-04T11:41:49","guid":{"rendered":"https:\/\/marketingprawnikow.pl\/sklep\/?post_type=product&#038;p=1089"},"modified":"2025-05-06T12:45:01","modified_gmt":"2025-05-06T10:45:01","slug":"e-book_strona_www_kancelarii_prawnej","status":"publish","type":"product","link":"https:\/\/marketingprawnikow.pl\/sklep\/produkt\/e-book_strona_www_kancelarii_prawnej\/","title":{"rendered":"E-book: Strona WWW kancelarii prawnej, kt\u00f3ra sprzedaje!"},"content":{"rendered":"<div>\n<h2>E-book: Strona WWW Kancelarii, kt\u00f3ra sprzedaje!<\/h2>\n<p>Ten produkt b\u0119dzie idealny dla Ciebie, je\u015bli:<\/p>\n<ul>\n<li><strong>zastawiasz si\u0119, czy kancelaria potrzebuje strony www?<\/strong><\/li>\n<li><strong>albo masz ju\u017c stron\u0119, ale w najbli\u017cszym czasie chcesz j\u0105 rozbudowa\u0107 i zaktualizowa\u0107?<\/strong><\/li>\n<li><strong>nie dostrzegasz korzy\u015bci z tego, \u017ce masz stron\u0119 www?\u00a0<\/strong><\/li>\n<li><strong>nie wiesz, jak dostosowa\u0107 stron\u0119, aby by\u0142a przyjazna dla Twoich klient\u00f3w?<\/strong><\/li>\n<li><strong>rozwa\u017casz zlecenie przygotowania strony www i opracowujesz swoj\u0105 wizj\u0119?<\/strong><\/li>\n<li><b>zastanawiasz si\u0119, co jeszcze mo\u017cesz doda\u0107 na stronie, aby by\u0142a bardziej u\u017cyteczna?<\/b><\/li>\n<\/ul>\n<\/div>\n<h2><strong>Co zawiera ebook?\u00a0<\/strong><\/h2>\n<ul>\n<li><strong>45 stron praktycznej wiedzy o tworzeniu stron internetowych dla prawnik\u00f3w w oparciu o nasze do\u015bwiadczenie przy tworzeniu ponad 100 stron dla naszych klient\u00f3w,<\/strong><\/li>\n<li><strong><span class=\"JsGRdQ\">porady dotycz\u0105ce r\u00f3\u017cnych element\u00f3w, kt\u00f3re powinny znale\u017a\u0107 si\u0119 na stronie prezentuj\u0105cej us\u0142ugi prawnicze,<\/span><\/strong><\/li>\n<li><strong>rekomendacje dotycz\u0105ce tworzenia CTA na stronie,<\/strong><\/li>\n<li><strong>kompleksowe spojrzenie na wiele aspekt\u00f3w, kt\u00f3re warto rozwa\u017cy\u0107 przed zleceniem realizacji strony www.<\/strong><\/li>\n<\/ul>\n<h2><strong>Do kogo kierujemy ten ebook?<\/strong><\/h2>\n<ul>\n<li><strong>Os\u00f3b zawodowo zajmuj\u0105cych si\u0119 prawem (adwokaci, radcowie prawni), kt\u00f3rzy chc\u0105 lub zastanawiaj\u0105 si\u0119 nad zleceniem stworzenia strony www,<\/strong><\/li>\n<li><strong>Prawnik\u00f3w, kt\u00f3rzy rozwa\u017caj\u0105 modyfikacj\u0119 i rozwini\u0119cie swoich obecnych element\u00f3w na stronie, aby ich strona by\u0142a bardziej przydatna dla klient\u00f3w,<\/strong><\/li>\n<li><strong>Prawnik\u00f3w zainteresowanych marketingiem prawniczym, kt\u00f3re chc\u0105 uzupe\u0142ni\u0107 swoj\u0105 wiedz\u0119 o praktyczne wskaz\u00f3wki w zakresie tworzenia intuicyjnych stron www,<\/strong><\/li>\n<li><strong>Os\u00f3b zarz\u0105dzaj\u0105cych marketingiem w kancelariach, kt\u00f3re szukaj\u0105 inspiracji dla polepszenia stron internetowych swoich Kancelarii.<\/strong><\/li>\n<\/ul>\n<h2><strong>Dla kogo ebook nie b\u0119dzie odpowiedni?\u00a0<\/strong><\/h2>\n<ul>\n<li><strong>Os\u00f3b, kt\u00f3re nie zamierzaj\u0105 w najbli\u017cszym czasie tworzy\u0107 lub zmienia\u0107 swojej strony internetowej.<\/strong><\/li>\n<\/ul>\n<h2><strong>Czego nauczysz si\u0119 z ebooka?<\/strong><\/h2>\n<ul>\n<li><strong>Otrzymasz wiele inspiracji na elementy oraz rozwi\u0105zania, kt\u00f3re z naszego do\u015bwiadczenia bardzo dobrze sprawdzaj\u0105 si\u0119 na prawniczych stronach www. Przedstawione wnioski oraz rekomendacje to podsumowanie ponad 5-letniej dzia\u0142alno\u015bci naszej Agencji Marketingowej,<\/strong><\/li>\n<li><strong>Dowiesz si\u0119, jak warto aby prezentowa\u0142a si\u0119 Twoja strona internetowa,<\/strong><\/li>\n<li><strong>Otrzymasz wiele rozwi\u0105za\u0144 i tre\u015bci, kt\u00f3re mog\u0105 pom\u00f3c zwi\u0119kszy\u0107 intuicyjno\u015b\u0107 i skuteczno\u015b\u0107 Twojej strony www,<\/strong><\/li>\n<li><strong>Poznasz najcz\u0119\u015bciej pope\u0142niane b\u0142\u0119dy przy stronach prawniczych.\u00a0<\/strong><\/li>\n<\/ul>\n","protected":false},"excerpt":{"rendered":"<p><strong>Praktyczny zestaw porad i rekomendowanych narz\u0119dzi dla prawniczych stron internetowych. Jest to zbi\u00f3r rozwi\u0105za\u0144, przetestowanych i wielokrotnie sprawdzonych przez nasz\u0105 Agencj\u0119 w toku przygotowywania ponad 100 stron dla kancelarii prawnych.<\/strong><\/p>\n","protected":false},"featured_media":1091,"comment_status":"open","ping_status":"closed","template":"","meta":{"spay_email":""},"product_cat":[20],"product_tag":[],"yoast_head":"<!-- This site is optimized with the Yoast SEO plugin v17.6 - https:\/\/yoast.com\/wordpress\/plugins\/seo\/ -->\n<title>E-book: Strona WWW kancelarii prawnej, kt\u00f3ra sprzedaje! - Marketing Prawnik\u00f3w - Sklep<\/title>\n<meta name=\"description\" content=\"Zastanawiasz si\u0119, jak powinna wygl\u0105da\u0107 idealna strona internetowa kancelarii prawnej? Sprawd\u017a\u00a0koniecznie naszego Ebooka!\" \/>\n<meta name=\"robots\" content=\"index, follow, max-snippet:-1, max-image-preview:large, max-video-preview:-1\" \/>\n<link rel=\"canonical\" href=\"https:\/\/marketingprawnikow.pl\/sklep\/produkt\/e-book_strona_www_kancelarii_prawnej\/\" \/>\n<meta property=\"og:locale\" content=\"pl_PL\" \/>\n<meta property=\"og:type\" content=\"article\" \/>\n<meta property=\"og:title\" content=\"E-book: Strona WWW kancelarii prawnej, kt\u00f3ra sprzedaje! - Marketing Prawnik\u00f3w - Sklep\" \/>\n<meta property=\"og:description\" content=\"Zastanawiasz si\u0119, jak powinna wygl\u0105da\u0107 idealna strona internetowa kancelarii prawnej? Sprawd\u017a\u00a0koniecznie naszego Ebooka!\" \/>\n<meta property=\"og:url\" content=\"https:\/\/marketingprawnikow.pl\/sklep\/produkt\/e-book_strona_www_kancelarii_prawnej\/\" \/>\n<meta property=\"og:site_name\" content=\"Marketing Prawnik\u00f3w - Sklep\" \/>\n<meta property=\"article:modified_time\" content=\"2025-05-06T10:45:01+00:00\" \/>\n<meta property=\"og:image\" content=\"https:\/\/marketingprawnikow.pl\/sklep\/wp-content\/uploads\/sites\/2\/2024\/04\/Jaka-powinna-byc\u0301-idealna-strona-www-dla-kancelarii-prawnych.png\" \/>\n\t<meta property=\"og:image:width\" content=\"1414\" \/>\n\t<meta property=\"og:image:height\" content=\"2000\" \/>\n<meta name=\"twitter:card\" content=\"summary_large_image\" \/>\n<meta name=\"twitter:label1\" content=\"Szacowany czas czytania\" \/>\n\t<meta name=\"twitter:data1\" content=\"2 minuty\" \/>\n<script type=\"application\/ld+json\" class=\"yoast-schema-graph\">{\"@context\":\"https:\/\/schema.org\",\"@graph\":[{\"@type\":\"WebSite\",\"@id\":\"https:\/\/marketingprawnikow.pl\/sklep\/#website\",\"url\":\"https:\/\/marketingprawnikow.pl\/sklep\/\",\"name\":\"Marketing Prawnik\\u00f3w - Sklep\",\"description\":\"\",\"potentialAction\":[{\"@type\":\"SearchAction\",\"target\":{\"@type\":\"EntryPoint\",\"urlTemplate\":\"https:\/\/marketingprawnikow.pl\/sklep\/?s={search_term_string}\"},\"query-input\":\"required name=search_term_string\"}],\"inLanguage\":\"pl-PL\"},{\"@type\":\"ImageObject\",\"@id\":\"https:\/\/marketingprawnikow.pl\/sklep\/produkt\/e-book_strona_www_kancelarii_prawnej\/#primaryimage\",\"inLanguage\":\"pl-PL\",\"url\":\"https:\/\/marketingprawnikow.pl\/sklep\/wp-content\/uploads\/sites\/2\/2024\/04\/Jaka-powinna-byc\\u0301-idealna-strona-www-dla-kancelarii-prawnych.png\",\"contentUrl\":\"https:\/\/marketingprawnikow.pl\/sklep\/wp-content\/uploads\/sites\/2\/2024\/04\/Jaka-powinna-byc\\u0301-idealna-strona-www-dla-kancelarii-prawnych.png\",\"width\":1414,\"height\":2000},{\"@type\":\"WebPage\",\"@id\":\"https:\/\/marketingprawnikow.pl\/sklep\/produkt\/e-book_strona_www_kancelarii_prawnej\/#webpage\",\"url\":\"https:\/\/marketingprawnikow.pl\/sklep\/produkt\/e-book_strona_www_kancelarii_prawnej\/\",\"name\":\"E-book: Strona WWW kancelarii prawnej, kt\\u00f3ra sprzedaje! - Marketing Prawnik\\u00f3w - Sklep\",\"isPartOf\":{\"@id\":\"https:\/\/marketingprawnikow.pl\/sklep\/#website\"},\"primaryImageOfPage\":{\"@id\":\"https:\/\/marketingprawnikow.pl\/sklep\/produkt\/e-book_strona_www_kancelarii_prawnej\/#primaryimage\"},\"datePublished\":\"2024-04-04T11:41:49+00:00\",\"dateModified\":\"2025-05-06T10:45:01+00:00\",\"description\":\"Zastanawiasz si\\u0119, jak powinna wygl\\u0105da\\u0107 idealna strona internetowa kancelarii prawnej? Sprawd\\u017a\\u00a0koniecznie naszego Ebooka!\",\"breadcrumb\":{\"@id\":\"https:\/\/marketingprawnikow.pl\/sklep\/produkt\/e-book_strona_www_kancelarii_prawnej\/#breadcrumb\"},\"inLanguage\":\"pl-PL\",\"potentialAction\":[{\"@type\":\"ReadAction\",\"target\":[\"https:\/\/marketingprawnikow.pl\/sklep\/produkt\/e-book_strona_www_kancelarii_prawnej\/\"]}]},{\"@type\":\"BreadcrumbList\",\"@id\":\"https:\/\/marketingprawnikow.pl\/sklep\/produkt\/e-book_strona_www_kancelarii_prawnej\/#breadcrumb\",\"itemListElement\":[{\"@type\":\"ListItem\",\"position\":1,\"name\":\"Strona g\\u0142\\u00f3wna\",\"item\":\"https:\/\/marketingprawnikow.pl\/sklep\/\"},{\"@type\":\"ListItem\",\"position\":2,\"name\":\"Sklep\",\"item\":\"https:\/\/marketingprawnikow.pl\/sklep\/\"},{\"@type\":\"ListItem\",\"position\":3,\"name\":\"E-book: Strona WWW kancelarii prawnej, kt\\u00f3ra sprzedaje!\"}]}]}<\/script>\n<!-- \/ Yoast SEO plugin. -->","yoast_head_json":{"title":"E-book: Strona WWW kancelarii prawnej, kt\u00f3ra sprzedaje! - Marketing Prawnik\u00f3w - Sklep","description":"Zastanawiasz si\u0119, jak powinna wygl\u0105da\u0107 idealna strona internetowa kancelarii prawnej? Sprawd\u017a\u00a0koniecznie naszego Ebooka!","robots":{"index":"index","follow":"follow","max-snippet":"max-snippet:-1","max-image-preview":"max-image-preview:large","max-video-preview":"max-video-preview:-1"},"canonical":"https:\/\/marketingprawnikow.pl\/sklep\/produkt\/e-book_strona_www_kancelarii_prawnej\/","og_locale":"pl_PL","og_type":"article","og_title":"E-book: Strona WWW kancelarii prawnej, kt\u00f3ra sprzedaje! - Marketing Prawnik\u00f3w - Sklep","og_description":"Zastanawiasz si\u0119, jak powinna wygl\u0105da\u0107 idealna strona internetowa kancelarii prawnej? Sprawd\u017a\u00a0koniecznie naszego Ebooka!","og_url":"https:\/\/marketingprawnikow.pl\/sklep\/produkt\/e-book_strona_www_kancelarii_prawnej\/","og_site_name":"Marketing Prawnik\u00f3w - Sklep","article_modified_time":"2025-05-06T10:45:01+00:00","og_image":[{"width":1414,"height":2000,"url":"https:\/\/marketingprawnikow.pl\/sklep\/wp-content\/uploads\/sites\/2\/2024\/04\/Jaka-powinna-byc\u0301-idealna-strona-www-dla-kancelarii-prawnych.png","type":"image\/png"}],"twitter_card":"summary_large_image","twitter_misc":{"Szacowany czas czytania":"2 minuty"},"schema":{"@context":"https:\/\/schema.org","@graph":[{"@type":"WebSite","@id":"https:\/\/marketingprawnikow.pl\/sklep\/#website","url":"https:\/\/marketingprawnikow.pl\/sklep\/","name":"Marketing Prawnik\u00f3w - Sklep","description":"","potentialAction":[{"@type":"SearchAction","target":{"@type":"EntryPoint","urlTemplate":"https:\/\/marketingprawnikow.pl\/sklep\/?s={search_term_string}"},"query-input":"required name=search_term_string"}],"inLanguage":"pl-PL"},{"@type":"ImageObject","@id":"https:\/\/marketingprawnikow.pl\/sklep\/produkt\/e-book_strona_www_kancelarii_prawnej\/#primaryimage","inLanguage":"pl-PL","url":"https:\/\/marketingprawnikow.pl\/sklep\/wp-content\/uploads\/sites\/2\/2024\/04\/Jaka-powinna-byc\u0301-idealna-strona-www-dla-kancelarii-prawnych.png","contentUrl":"https:\/\/marketingprawnikow.pl\/sklep\/wp-content\/uploads\/sites\/2\/2024\/04\/Jaka-powinna-byc\u0301-idealna-strona-www-dla-kancelarii-prawnych.png","width":1414,"height":2000},{"@type":"WebPage","@id":"https:\/\/marketingprawnikow.pl\/sklep\/produkt\/e-book_strona_www_kancelarii_prawnej\/#webpage","url":"https:\/\/marketingprawnikow.pl\/sklep\/produkt\/e-book_strona_www_kancelarii_prawnej\/","name":"E-book: Strona WWW kancelarii prawnej, kt\u00f3ra sprzedaje! - Marketing Prawnik\u00f3w - Sklep","isPartOf":{"@id":"https:\/\/marketingprawnikow.pl\/sklep\/#website"},"primaryImageOfPage":{"@id":"https:\/\/marketingprawnikow.pl\/sklep\/produkt\/e-book_strona_www_kancelarii_prawnej\/#primaryimage"},"datePublished":"2024-04-04T11:41:49+00:00","dateModified":"2025-05-06T10:45:01+00:00","description":"Zastanawiasz si\u0119, jak powinna wygl\u0105da\u0107 idealna strona internetowa kancelarii prawnej? Sprawd\u017a\u00a0koniecznie naszego Ebooka!","breadcrumb":{"@id":"https:\/\/marketingprawnikow.pl\/sklep\/produkt\/e-book_strona_www_kancelarii_prawnej\/#breadcrumb"},"inLanguage":"pl-PL","potentialAction":[{"@type":"ReadAction","target":["https:\/\/marketingprawnikow.pl\/sklep\/produkt\/e-book_strona_www_kancelarii_prawnej\/"]}]},{"@type":"BreadcrumbList","@id":"https:\/\/marketingprawnikow.pl\/sklep\/produkt\/e-book_strona_www_kancelarii_prawnej\/#breadcrumb","itemListElement":[{"@type":"ListItem","position":1,"name":"Strona g\u0142\u00f3wna","item":"https:\/\/marketingprawnikow.pl\/sklep\/"},{"@type":"ListItem","position":2,"name":"Sklep","item":"https:\/\/marketingprawnikow.pl\/sklep\/"},{"@type":"ListItem","position":3,"name":"E-book: Strona WWW kancelarii prawnej, kt\u00f3ra sprzedaje!"}]}]}},"_links":{"self":[{"href":"https:\/\/marketingprawnikow.pl\/sklep\/wp-json\/wp\/v2\/product\/1089"}],"collection":[{"href":"https:\/\/marketingprawnikow.pl\/sklep\/wp-json\/wp\/v2\/product"}],"about":[{"href":"https:\/\/marketingprawnikow.pl\/sklep\/wp-json\/wp\/v2\/types\/product"}],"replies":[{"embeddable":true,"href":"https:\/\/marketingprawnikow.pl\/sklep\/wp-json\/wp\/v2\/comments?post=1089"}],"wp:featuredmedia":[{"embeddable":true,"href":"https:\/\/marketingprawnikow.pl\/sklep\/wp-json\/wp\/v2\/media\/1091"}],"wp:attachment":[{"href":"https:\/\/marketingprawnikow.pl\/sklep\/wp-json\/wp\/v2\/media?parent=1089"}],"wp:term":[{"taxonomy":"product_cat","embeddable":true,"href":"https:\/\/marketingprawnikow.pl\/sklep\/wp-json\/wp\/v2\/product_cat?post=1089"},{"taxonomy":"product_tag","embeddable":true,"href":"https:\/\/marketingprawnikow.pl\/sklep\/wp-json\/wp\/v2\/product_tag?post=1089"}],"curies":[{"name":"wp","href":"https:\/\/api.w.org\/{rel}","templated":true}]}}